{"id":1567,"date":"2014-10-31T12:45:59","date_gmt":"2014-10-31T12:45:59","guid":{"rendered":"http:\/\/iveaghgardens.ie\/ga\/education\/"},"modified":"2015-10-14T11:18:57","modified_gmt":"2015-10-14T10:18:57","slug":"education","status":"publish","type":"page","link":"http:\/\/3.69.228.22\/ga\/education\/","title":{"rendered":"Education"},"content":{"rendered":"<p>[et_pb_section admin_label=&#8221;section&#8221; fullwidth=&#8221;off&#8221; specialty=&#8221;off&#8221; transparent_background=&#8221;off&#8221; background_color=&#8221;#4e6833&#8243; inner_shadow=&#8221;off&#8221; parallax=&#8221;off&#8221; parallax_method=&#8221;off&#8221; module_class=&#8221;shorty&#8221;][et_pb_row admin_label=&#8221;row&#8221;][et_pb_column type=&#8221;4_4&#8243;][et_pb_text admin_label=&#8221;Title Text&#8221; background_layout=&#8221;dark&#8221; text_orientation=&#8221;left&#8221; use_border_color=&#8221;off&#8221; border_color=&#8221;#ffffff&#8221; border_style=&#8221;solid&#8221;]<\/p>\n<h1>Oideachas<\/h1>\n<p>[\/et_pb_text][\/et_pb_column][\/et_pb_row][\/et_pb_section][et_pb_section admin_label=&#8221;Section&#8221; fullwidth=&#8221;off&#8221; specialty=&#8221;off&#8221; transparent_background=&#8221;on&#8221; allow_player_pause=&#8221;off&#8221; inner_shadow=&#8221;off&#8221; parallax=&#8221;off&#8221; parallax_method=&#8221;off&#8221; padding_mobile=&#8221;off&#8221; make_fullwidth=&#8221;off&#8221; use_custom_width=&#8221;off&#8221; width_unit=&#8221;on&#8221; make_equal=&#8221;off&#8221; use_custom_gutter=&#8221;off&#8221;][et_pb_row admin_label=&#8221;Row&#8221;][et_pb_column type=&#8221;1_2&#8243;][et_pb_text admin_label=&#8221;a visit for primary level students &#8230; Text&#8221; background_layout=&#8221;light&#8221; text_orientation=&#8221;left&#8221; use_border_color=&#8221;off&#8221; border_color=&#8221;#ffffff&#8221; border_style=&#8221;solid&#8221;]<\/p>\n<h5 class=\"p1\"><span class=\"s1\">F\u00e9adfar cuairt do dhalta\u00ed bunscoile a \u00fas\u00e1id chun tac\u00fa le gn\u00e9ithe \u00e9ags\u00fala den churaclam, lena n\u00e1ir\u00edtear:<\/span><\/h5>\n<ul>\n<li class=\"p2\"><span class=\"s1\">OSSP (l\u00e9irthuiscint don timpeallacht)<\/span><\/li>\n<li class=\"p2\"><span class=\"s1\">Eala\u00edn, Cearda\u00edocht agus Dearadh (imscr\u00fad\u00fa tr\u00ed fh\u00e9achaint; foghlaim faoi eala\u00edont\u00f3ir\u00ed; ailtir\u00ed agus dearth\u00f3ir\u00ed \u00f3 thr\u00e9imhs\u00ed eile; scileanna breathnaitheachta a fhorbairt)<\/span><\/li>\n<li class=\"p2\"><span class=\"s1\">Stair (an saol a bh\u00ed ag daoine; na hathruithe a tharla i dtr\u00e9imhs\u00ed difri\u00fala agus an tionchar a bh\u00ed ag na hathruithe ar dhaoine; tuiscint ar an stair \u00e1iti\u00fail agus foghlaim faoi fhianaise)<\/span><\/li>\n<\/ul>\n<p class=\"p3\"><span class=\"s1\">T\u00e1 bileoga oibre ar f\u00e1il do mhod\u00fail bhunscoile; <\/span><span class=\"s2\">t\u00e9igh i dteagmh\u00e1il linn<\/span><span class=\"s1\"> le haghaidh tuilleadh sonra\u00ed.<\/span><\/p>\n<p>[\/et_pb_text][\/et_pb_column][et_pb_column type=&#8221;1_2&#8243;][et_pb_text admin_label=&#8221;A visit to&#8230; Text&#8221; background_layout=&#8221;light&#8221; text_orientation=&#8221;left&#8221; use_border_color=&#8221;off&#8221; border_color=&#8221;#ffffff&#8221; border_style=&#8221;solid&#8221;]<\/p>\n<h5 class=\"p1\"><span class=\"s1\">Is f\u00e9idir cuairt ar Ghaird\u00edn\u00ed U\u00edbh Eachach a \u00fas\u00e1id freisin chun tac\u00fa le gn\u00e9ithe de churaclam na hArdteistim\u00e9ireachta.<\/span><\/h5>\n<p class=\"p2\"><span class=\"s1\">T\u00e1 stair sh\u00f3isialta agus chult\u00fartha, agus Bitheola\u00edocht (luibheola\u00edocht) agus T\u00edreola\u00edocht na hArdteistim\u00e9ireachta an-\u00e1bhartha.<\/span><\/p>\n<p class=\"p2\"><span class=\"s1\">Cuirimid ceardlanna ar f\u00e1il \u00f3 am go ham do ph\u00e1ist\u00ed le linn laethanta saoire scoile agus le linn Sheachtain na hOidhreachta. Breathnaigh ar an su\u00edomh gr\u00e9as\u00e1in n\u00f3 <\/span><span class=\"s2\">t\u00e9igh i dteagmh\u00e1il linn<\/span><span class=\"s1\"> le haghaidh tuilleadh sonra\u00ed.<\/span><\/p>\n<p class=\"p2\"><span class=\"s1\">Ba mh\u00f3r againn freisin cabhr\u00fa le scol\u00e1ir\u00ed at\u00e1 i mbun taighde ar stair \u00e1iti\u00fail, ar ghairneoireacht, agus ar ailtireacht.<\/span><\/p>\n<p>[\/et_pb_text][et_pb_blurb admin_label=&#8221;Tree Council Read More Blurb&#8221; title=&#8221;L\u00e9igh Tuilleadh &#8221; url=&#8221;http:\/\/treecouncil.ie\/initiatives\/schools\/&#8221; url_new_window=&#8221;on&#8221; use_icon=&#8221;on&#8221; font_icon=&#8221;$&#8221; icon_color=&#8221;#3f771c&#8221; use_circle=&#8221;off&#8221; circle_color=&#8221;#3f771c&#8221; use_circle_border=&#8221;off&#8221; circle_border_color=&#8221;#3f771c&#8221; icon_placement=&#8221;left&#8221; animation=&#8221;off&#8221; background_layout=&#8221;light&#8221; text_orientation=&#8221;center&#8221; use_icon_font_size=&#8221;off&#8221; use_border_color=&#8221;off&#8221; border_color=&#8221;#ffffff&#8221; border_style=&#8221;solid&#8221;]<\/p>\n<p class=\"p1\"><span class=\"s1\">T\u00e1 bileoga oibre ag Comhairle Crann na h\u00c9ireann ar a su\u00edomh gr\u00e9as\u00e1in le h\u00edosl\u00f3d\u00e1il.<\/span><\/p>\n<p>[\/et_pb_blurb][\/et_pb_column][\/et_pb_row][et_pb_row admin_label=&#8221;Row&#8221;][et_pb_column type=&#8221;4_4&#8243;][et_pb_image admin_label=&#8221;Kids Image&#8221; src=&#8221;http:\/\/iveaghgardens.ie\/wp-content\/uploads\/2014\/10\/IMG_4234.jpg&#8221; show_in_lightbox=&#8221;on&#8221; url_new_window=&#8221;off&#8221; animation=&#8221;off&#8221; sticky=&#8221;off&#8221; alt=&#8221;Grianghraf de ph\u00e1ist\u00ed \u00f3 Bhunscoil Naomh \u00c9anna, Sr\u00e1id na mBr\u00e1ithre B\u00e1na, Baile \u00c1tha Cliath 8, ar cuairt ar na Gaird\u00edn\u00ed i m\u00ed an Mheithimh 2014; \u00e1 \u00fas\u00e1id le caoinchead na scoile.&#8221; title_text=&#8221;Grianghraf de ph\u00e1ist\u00ed \u00f3 Bhunscoil Naomh \u00c9anna, Sr\u00e1id na mBr\u00e1ithre B\u00e1na, Baile \u00c1tha Cliath 8, ar cuairt ar na Gaird\u00edn\u00ed i m\u00ed an Mheithimh 2014; \u00e1 \u00fas\u00e1id le caoinchead na scoile.&#8221; align=&#8221;center&#8221; force_fullwidth=&#8221;off&#8221; always_center_on_mobile=&#8221;on&#8221; use_border_color=&#8221;off&#8221; border_color=&#8221;#ffffff&#8221; border_style=&#8221;solid&#8221;] [\/et_pb_image][\/et_pb_column][\/et_pb_row][\/et_pb_section]<\/p>\n","protected":false},"excerpt":{"rendered":"<p>Oideachas F\u00e9adfar cuairt do dhalta\u00ed bunscoile a \u00fas\u00e1id chun tac\u00fa le gn\u00e9ithe \u00e9ags\u00fala den churaclam, lena n\u00e1ir\u00edtear: OSSP (l\u00e9irthuiscint don timpeallacht) Eala\u00edn, Cearda\u00edocht agus Dearadh (imscr\u00fad\u00fa tr\u00ed fh\u00e9achaint; foghlaim faoi eala\u00edont\u00f3ir\u00ed; ailtir\u00ed agus dearth\u00f3ir\u00ed \u00f3 thr\u00e9imhs\u00ed eile; scileanna breathnaitheachta a fhorbairt) Stair (an saol a bh\u00ed ag daoine; na hathruithe a tharla i dtr\u00e9imhs\u00ed difri\u00fala [&hellip;]<\/p>\n","protected":false},"author":10,"featured_media":0,"parent":0,"menu_order":0,"comment_status":"closed","ping_status":"closed","template":"","meta":{"_et_pb_use_builder":"on","_et_pb_old_content":"","_et_gb_content_width":"","footnotes":""},"class_list":["post-1567","page","type-page","status-publish","hentry"],"_links":{"self":[{"href":"http:\/\/3.69.228.22\/ga\/wp-json\/wp\/v2\/pages\/1567","targetHints":{"allow":["GET"]}}],"collection":[{"href":"http:\/\/3.69.228.22\/ga\/wp-json\/wp\/v2\/pages"}],"about":[{"href":"http:\/\/3.69.228.22\/ga\/wp-json\/wp\/v2\/types\/page"}],"author":[{"embeddable":true,"href":"http:\/\/3.69.228.22\/ga\/wp-json\/wp\/v2\/users\/10"}],"replies":[{"embeddable":true,"href":"http:\/\/3.69.228.22\/ga\/wp-json\/wp\/v2\/comments?post=1567"}],"version-history":[{"count":2,"href":"http:\/\/3.69.228.22\/ga\/wp-json\/wp\/v2\/pages\/1567\/revisions"}],"predecessor-version":[{"id":1570,"href":"http:\/\/3.69.228.22\/ga\/wp-json\/wp\/v2\/pages\/1567\/revisions\/1570"}],"wp:attachment":[{"href":"http:\/\/3.69.228.22\/ga\/wp-json\/wp\/v2\/media?parent=1567"}],"curies":[{"name":"wp","href":"https:\/\/api.w.org\/{rel}","templated":true}]}}