{"id":1571,"date":"2014-09-23T17:49:55","date_gmt":"2014-09-23T16:49:55","guid":{"rendered":"http:\/\/iveaghgardens.ie\/ga\/event-and-photography-permits\/"},"modified":"2015-10-14T11:29:54","modified_gmt":"2015-10-14T10:29:54","slug":"event-and-photography-permits","status":"publish","type":"page","link":"http:\/\/3.69.228.22\/ga\/event-and-photography-permits\/","title":{"rendered":"Event and Photography Permits"},"content":{"rendered":"<p>[et_pb_section admin_label=&#8221;section&#8221; fullwidth=&#8221;off&#8221; specialty=&#8221;off&#8221; transparent_background=&#8221;off&#8221; background_color=&#8221;#4e6833&#8243; inner_shadow=&#8221;off&#8221; parallax=&#8221;off&#8221; parallax_method=&#8221;off&#8221; module_class=&#8221;shorty&#8221;][et_pb_row admin_label=&#8221;row&#8221;][et_pb_column type=&#8221;4_4&#8243;][et_pb_text admin_label=&#8221;Title Text&#8221; background_layout=&#8221;dark&#8221; text_orientation=&#8221;left&#8221; use_border_color=&#8221;off&#8221; border_color=&#8221;#ffffff&#8221; border_style=&#8221;solid&#8221;]<\/p>\n<h1>Cead\u00fanais le haghaidh Imeachta\u00ed agus Grianghrafad\u00f3ireachta<\/h1>\n<p>[\/et_pb_text][\/et_pb_column][\/et_pb_row][\/et_pb_section][et_pb_section admin_label=&#8221;section&#8221; transparent_background=&#8221;on&#8221; background_color=&#8221;#ffffff&#8221; inner_shadow=&#8221;off&#8221; parallax=&#8221;off&#8221; parallax_method=&#8221;off&#8221;][et_pb_row admin_label=&#8221;row&#8221;][et_pb_column type=&#8221;1_2&#8243;][et_pb_accordion admin_label=&#8221;FAQ Accordion&#8221; use_border_color=&#8221;off&#8221; border_color=&#8221;#ffffff&#8221; border_style=&#8221;solid&#8221;] [et_pb_accordion_item title=&#8221;An f\u00e9idir liom imeacht a re\u00e1cht\u00e1il i nGaird\u00edn\u00ed U\u00edbh Eachach? &#8220;]<\/p>\n<p class=\"p1\"><span class=\"s1\">Re\u00e1cht\u00e1iltear l\u00edon beag imeachta\u00ed i nGaird\u00edn\u00ed U\u00edbh Eachach gach bliain. D\u00e1 mbeadh n\u00edos m\u00f3 imeachta\u00ed n\u00e1 sin ar si\u00fal, chuirfeadh s\u00e9 isteach ar chaomhn\u00fa an ghaird\u00edn stairi\u00fail th\u00e1bhachtaigh seo. B\u00edonn pr\u00f3iseas sol\u00e1thair i gceist le haghaidh gach imeachta a re\u00e1cht\u00e1iltear sna gaird\u00edn\u00ed agus b\u00edonn an pr\u00f3iseas sin ar si\u00fal bliain roimh r\u00e9 ar a laghad. T\u00e9igh i dteagmh\u00e1il linn chun tuilleadh sonra\u00ed a fh\u00e1il. Is f\u00e9idir leat an <\/span><span class=\"s2\"><a href=\"http:\/\/iveaghgardens.ie\/wp-content\/uploads\/2015\/10\/Matrix-of-Uses-GAEILGE.pdf\" target=\"_blank\">t\u00e1bla \u00fas\u00e1ide<\/a><\/span><span class=\"s1\"> a sheice\u00e1il freisin. Gheobhaidh t\u00fa amach uaidh sin c\u00e9 na cine\u00e1lacha imeachta\u00ed a nglactar le hiarratais lena n-aghaidh.<\/span><\/p>\n<p>[\/et_pb_accordion_item][et_pb_accordion_item title=&#8221;C\u00e9 na c\u00e1ip\u00e9is\u00ed a theasta\u00edonn le haghaidh imeachta\/ grianghrafad\u00f3ireachta\/ scann\u00e1na\u00edochta?&#8221;]<\/p>\n<p class=\"p1\"><span class=\"s1\">Sula gcuireann t\u00fa isteach air (tr\u00edd an bhfoirm ar l\u00edne amh\u00e1in), cuimhnigh, le do thoil, go gcaithfidh na nithe seo a leanas bheith agat <b>m\u00e1 thugtar cead duit<\/b> an t-imeacht a re\u00e1cht\u00e1il ar an l\u00e1thair seo:<\/span><\/p>\n<ul>\n<li class=\"p2\"><span class=\"s1\">\u00e1rachas dliteanais phoibl\u00ed ar fi\u00fa 6.5 milli\u00fan euro in aon iarraidh amh\u00e1in \u00e9 agus Coimisin\u00e9ir\u00ed na nOibreacha Poibl\u00ed ainmnithe ar an bpolasa\u00ed<\/span><\/li>\n<li class=\"p2\"><span class=\"s1\">seolfar foirm shl\u00e1na\u00edochta chugat nuair a bheidh d&#8217;iarratas faighte agus an p\u00e1ip\u00e9arachas ar fad in ord is in eagar. \u00cdosl\u00f3d\u00e1il foirm shl\u00e1na\u00edochta shamplach <\/span><span class=\"s2\"><a href=\"http:\/\/iveaghgardens.ie\/wp-content\/uploads\/2014\/10\/IG-indemnity-sample-iveagh-gardens-2014.pdf\" target=\"_blank\">anseo<\/a><\/span><span class=\"s1\">.<\/span><\/li>\n<li class=\"p2\"><span class=\"s1\">\u00e9arlais a ais\u00edocfar leat ach amh\u00e1in m\u00e1 dh\u00e9antar dam\u00e1iste do na Gaird\u00edn\u00ed n\u00f3 m\u00e1 sh\u00e1ra\u00edtear na coinn\u00edollacha<\/span><\/li>\n<li class=\"p2\"><span class=\"s1\">Plean Bainist\u00edochta S\u00e1bh\u00e1ilteachta ag Imeacht, Plean Bainist\u00edochta Tr\u00e1chta, Plean \u00c9igeand\u00e1la, R\u00e1iteas ar Mhodhanna, agus Sceideal L\u00e9irithe<\/span><\/li>\n<li class=\"p2\"><span class=\"s1\">fianaise go ndeachaigh t\u00fa i gcomhairle go hioml\u00e1n le comhlachta\u00ed reacht\u00fala, le haon ghr\u00fapa\u00ed c\u00f3naitheoir\u00ed agus le forais ch\u00f3ngaracha i bhfad roimh an imeacht, agus fianaise go bhfuil a gcuid riachtanas comhl\u00edonta agat<\/span><\/li>\n<li class=\"p2\"><span class=\"s1\">caithfidh gach taibhi\u00fa ceoil bheith comhl\u00edontach \u00f3 thaobh IMRO (<\/span><span class=\"s2\"> Irish Music Rights Association<\/span><span class=\"s1\">) de.<\/span><\/li>\n<\/ul>\n<p class=\"p1\"><span class=\"s1\">\u00cdosl\u00f3d\u00e1il an Plean Bainist\u00edochta S\u00e1bh\u00e1ilteachta ag Imeacht in<\/span><span class=\"s1\">\u00a0<\/span><span class=\"s3\"><b><a href=\"http:\/\/iveaghgardens.ie\/wp-content\/uploads\/2015\/10\/Event-Safety-Management-Plan-GAEILGE.pdf\" target=\"_blank\">PDF<\/a><\/b><\/span><span class=\"s1\">.<\/span><\/p>\n<p>[\/et_pb_accordion_item][et_pb_accordion_item title=&#8221;Cathain ba ch\u00f3ir dom iarratas a chur isteach? &#8220;]<\/p>\n<p class=\"p1\"><span class=\"s1\">Teasta\u00edonn f\u00f3gra tr\u00ed l\u00e1 oibre ar a laghad le haghaidh grianghrafad\u00f3ireachta. Teasta\u00edonn f\u00f3gra ceithre seachtaine ar a laghad le haghaidh imeachta\u00ed beaga agus f\u00f3gra ocht seachtaine le haghaidh imeachta\u00ed m\u00f3ra.<\/span><\/p>\n<p class=\"p1\"><span class=\"s1\">N\u00ed ghlactar le hiarratas d\u00e9anach ar bith agus n\u00ed dh\u00e9antar \u00e1irithint shealadach ar bith. Tar \u00e9is iarratas a chur isteach, is f\u00e9idir bheith ag s\u00fail le freagra i gceann tr\u00ed l\u00e1 oibre. N\u00ed f\u00e9idir iarratas a dh\u00e9anamh ach tr\u00edd an bhfoirm \u00e1irithinte ar l\u00edne. <\/span><\/p>\n<p>[\/et_pb_accordion_item][et_pb_accordion_item title=&#8221;An f\u00e9idir liom p\u00f3sadh i nGaird\u00edn\u00ed U\u00edbh Eachach? &#8220;]<\/p>\n<p class=\"p1\"><span class=\"s1\">Mar a sheasann c\u00farsa\u00ed faoi l\u00e1thair, n\u00ed f\u00e9idir leat p\u00f3sadh n\u00e1 searmanas sibhialta a re\u00e1cht\u00e1il sna Gaird\u00edn\u00ed. Ach b&#8217;fh\u00e9idir gur mhaith leat do chuid grianghraf bainise a th\u00f3g\u00e1il ann. Teasta\u00edonn cead\u00fanas; n\u00ed g\u00e1 ach iarratas a dh\u00e9anamh agus f\u00f3gra tr\u00ed l\u00e1 ar a laghad a thabhairt. N\u00ed ghearrtar t\u00e1ille ar bith ort as grianghraif bhainise a th\u00f3g\u00e1il sna Gaird\u00edn\u00ed.<\/span><\/p>\n<p class=\"p1\"><span class=\"s1\">T\u00e1 roinnt su\u00edomhanna stairi\u00fala eile a dtugann OOP aire d\u00f3ibh ar f\u00e1il chun do shearmanas sibhialta a \u00f3st\u00e1il \u2013 clice\u00e1il <\/span><span class=\"s2\"><a href=\"http:\/\/www.opw.ie\/en\/pressreleases\/articleheading,30551,en.html\" target=\"_blank\">anseo<\/a> <\/span><span class=\"s1\">chun tuilleadh sonra\u00ed a fh\u00e1il.<\/span><\/p>\n<p>[\/et_pb_accordion_item][et_pb_accordion_item title=&#8221;An gcosna\u00edonn s\u00e9 airgead chun grianghraif a th\u00f3g\u00e1il n\u00f3 imeacht a re\u00e1cht\u00e1il sna Gaird\u00edn\u00ed?&#8221;]<\/p>\n<p class=\"p1\"><span class=\"s1\"><b>T\u00e1ill\u00ed<\/b><\/span><\/p>\n<p class=\"p1\"><span class=\"s1\">Grianghraif bhainise: saor in aisce.<br \/>\nGrianghrafad\u00f3ireacht tr\u00e1cht\u00e1la: \u20ac125 san uair, gan CBL san \u00e1ireamh.<br \/>\nCarthanacht\/turas\u00f3ireacht etc: \u20ac50 san uair, gan CBL san \u00e1ireamh.<br \/>\nScann\u00e1na\u00edocht: gheobhaidh t\u00fa praghas ach \u00e9 a iarraidh, agus braithfidh s\u00e9 ar an m\u00e9id agus ar an l\u00e1thair.<br \/>\nImeacht: gheobhaidh t\u00fa praghas ach \u00e9 a iarraidh, agus braithfidh s\u00e9 ar an m\u00e9id agus ar an l\u00e1thair.<br \/>\nRanganna corpacmhainne agus ranganna eile den s\u00f3rt sin: \u20ac15 san uair in aghaidh an ranga, gan CBL san \u00e1ireamh, agus n\u00ed f\u00e9idir n\u00edos m\u00f3 n\u00e1 c\u00faig dhuine dh\u00e9ag a bheith i rang.<\/span><\/p>\n<p class=\"p1\"><span class=\"s1\">N\u00ed ghlactar ach le h\u00edoca\u00edochta\u00ed leictreonacha. <\/span><\/p>\n<p>[\/et_pb_accordion_item] [\/et_pb_accordion][\/et_pb_column][et_pb_column type=&#8221;1_2&#8243;][et_pb_text admin_label=&#8221;embedded form Text&#8221; background_layout=&#8221;light&#8221; text_orientation=&#8221;left&#8221;]<\/p>\n<p><iframe loading=\"lazy\" src=\"https:\/\/docs.google.com\/forms\/d\/1bXt38_SRw3QWdOn2iKtffAiAhmft_VEXnAvwApd8wxU\/viewform?embedded=true\" width=\"500\" height=\"800\" frameborder=\"0\" marginwidth=\"0\" marginheight=\"0\">Loading&#8230;<\/iframe><\/p>\n<p>[\/et_pb_text][\/et_pb_column][\/et_pb_row][et_pb_row admin_label=&#8221;Row&#8221;][et_pb_column type=&#8221;4_4&#8243;][et_pb_divider admin_label=&#8221;Divider&#8221; color=&#8221;#757575&#8243; show_divider=&#8221;on&#8221; divider_style=&#8221;solid&#8221; divider_position=&#8221;top&#8221; hide_on_mobile=&#8221;off&#8221;] [\/et_pb_divider][\/et_pb_column][\/et_pb_row][et_pb_row admin_label=&#8221;row&#8221;][et_pb_column type=&#8221;1_2&#8243;][et_pb_blurb admin_label=&#8221;Matrix Download Blurb&#8221; title=&#8221;\u00cdosl\u00f3d\u00e1il&#8221; url=&#8221;http:\/\/iveaghgardens.ie\/wp-content\/uploads\/2015\/10\/Matrix-of-Uses-GAEILGE.pdf&#8221; url_new_window=&#8221;on&#8221; use_icon=&#8221;on&#8221; font_icon=&#8221;%%115%%&#8221; icon_color=&#8221;#3f771c&#8221; use_circle=&#8221;off&#8221; circle_color=&#8221;#3f771c&#8221; use_circle_border=&#8221;off&#8221; circle_border_color=&#8221;#3f771c&#8221; icon_placement=&#8221;left&#8221; animation=&#8221;off&#8221; background_layout=&#8221;light&#8221; text_orientation=&#8221;center&#8221; use_icon_font_size=&#8221;off&#8221; use_border_color=&#8221;off&#8221; border_color=&#8221;#ffffff&#8221; border_style=&#8221;solid&#8221;]<\/p>\n<h5>T\u00e1bla \u00das\u00e1ide<\/h5>\n<p>[\/et_pb_blurb][\/et_pb_column][et_pb_column type=&#8221;1_2&#8243;][et_pb_blurb admin_label=&#8221;Event Safety Download Blurb&#8221; title=&#8221;\u00cdosl\u00f3d\u00e1il&#8221; url=&#8221;http:\/\/iveaghgardens.ie\/wp-content\/uploads\/2015\/10\/Event-Safety-Management-Plan-GAEILGE.pdf&#8221; url_new_window=&#8221;on&#8221; use_icon=&#8221;on&#8221; font_icon=&#8221;%%115%%&#8221; icon_color=&#8221;#3f771c&#8221; use_circle=&#8221;off&#8221; circle_color=&#8221;#3f771c&#8221; use_circle_border=&#8221;off&#8221; circle_border_color=&#8221;#3f771c&#8221; icon_placement=&#8221;left&#8221; animation=&#8221;off&#8221; background_layout=&#8221;light&#8221; text_orientation=&#8221;center&#8221; use_icon_font_size=&#8221;off&#8221; use_border_color=&#8221;off&#8221; border_color=&#8221;#ffffff&#8221; border_style=&#8221;solid&#8221;]<\/p>\n<h5 class=\"p1\"><span class=\"s1\">Plean Bainist\u00edochta S\u00e1bh\u00e1ilteachta ag Imeacht<\/span><\/h5>\n<p>[\/et_pb_blurb][\/et_pb_column][\/et_pb_row][\/et_pb_section]<\/p>\n","protected":false},"excerpt":{"rendered":"<p>Cead\u00fanais le haghaidh Imeachta\u00ed agus Grianghrafad\u00f3ireachta Re\u00e1cht\u00e1iltear l\u00edon beag imeachta\u00ed i nGaird\u00edn\u00ed U\u00edbh Eachach gach bliain. D\u00e1 mbeadh n\u00edos m\u00f3 imeachta\u00ed n\u00e1 sin ar si\u00fal, chuirfeadh s\u00e9 isteach ar chaomhn\u00fa an ghaird\u00edn stairi\u00fail th\u00e1bhachtaigh seo. B\u00edonn pr\u00f3iseas sol\u00e1thair i gceist le haghaidh gach imeachta a re\u00e1cht\u00e1iltear sna gaird\u00edn\u00ed agus b\u00edonn an pr\u00f3iseas sin ar si\u00fal [&hellip;]<\/p>\n","protected":false},"author":10,"featured_media":0,"parent":0,"menu_order":0,"comment_status":"closed","ping_status":"closed","template":"","meta":{"_et_pb_use_builder":"on","_et_pb_old_content":"","_et_gb_content_width":"","footnotes":""},"class_list":["post-1571","page","type-page","status-publish","hentry"],"_links":{"self":[{"href":"http:\/\/3.69.228.22\/ga\/wp-json\/wp\/v2\/pages\/1571","targetHints":{"allow":["GET"]}}],"collection":[{"href":"http:\/\/3.69.228.22\/ga\/wp-json\/wp\/v2\/pages"}],"about":[{"href":"http:\/\/3.69.228.22\/ga\/wp-json\/wp\/v2\/types\/page"}],"author":[{"embeddable":true,"href":"http:\/\/3.69.228.22\/ga\/wp-json\/wp\/v2\/users\/10"}],"replies":[{"embeddable":true,"href":"http:\/\/3.69.228.22\/ga\/wp-json\/wp\/v2\/comments?post=1571"}],"version-history":[{"count":2,"href":"http:\/\/3.69.228.22\/ga\/wp-json\/wp\/v2\/pages\/1571\/revisions"}],"predecessor-version":[{"id":1577,"href":"http:\/\/3.69.228.22\/ga\/wp-json\/wp\/v2\/pages\/1571\/revisions\/1577"}],"wp:attachment":[{"href":"http:\/\/3.69.228.22\/ga\/wp-json\/wp\/v2\/media?parent=1571"}],"curies":[{"name":"wp","href":"https:\/\/api.w.org\/{rel}","templated":true}]}}